{"id":3186,"date":"2022-08-11T07:55:01","date_gmt":"2022-08-11T07:55:01","guid":{"rendered":"http:\/\/enercorindus.com\/?page_id=3186"},"modified":"2023-04-25T09:24:53","modified_gmt":"2023-04-25T09:24:53","slug":"flanged-thermowell","status":"publish","type":"page","link":"https:\/\/enercorindus.com\/index.php\/flanged-thermowell\/","title":{"rendered":"Flanged Thermowell"},"content":{"rendered":"\t\t<div data-elementor-type=\"wp-page\" data-elementor-id=\"3186\" class=\"elementor elementor-3186\">\n\t\t\t\t\t\t<section class=\"elementor-section elementor-top-section elementor-element elementor-element-6b221f4 elementor-section-boxed elementor-section-height-default elementor-section-height-default wpr-particle-no wpr-jarallax-no wpr-parallax-no wpr-sticky-section-no\" data-id=\"6b221f4\" data-element_type=\"section\" data-e-type=\"section\" data-settings=\"{&quot;background_background&quot;:&quot;classic&quot;}\">\n\t\t\t\t\t\t\t<div class=\"elementor-background-overlay\"><\/div>\n\t\t\t\t\t\t\t<div class=\"elementor-container elementor-column-gap-default\">\n\t\t\t\t\t<div class=\"elementor-column elementor-col-100 elementor-top-column elementor-element elementor-element-44ef5f0\" data-id=\"44ef5f0\" data-element_type=\"column\" data-e-type=\"column\">\n\t\t\t<div class=\"elementor-widget-wrap elementor-element-populated\">\n\t\t\t\t\t\t<div class=\"elementor-element elementor-element-0698505 elementor-widget elementor-widget-heading\" data-id=\"0698505\" data-element_type=\"widget\" data-e-type=\"widget\" data-widget_type=\"heading.default\">\n\t\t\t\t<div class=\"elementor-widget-container\">\n\t\t\t\t\t<h2 class=\"elementor-heading-title elementor-size-default\">Flanged Thermowell\n<\/h2>\t\t\t\t<\/div>\n\t\t\t\t<\/div>\n\t\t\t\t\t<\/div>\n\t\t<\/div>\n\t\t\t\t\t<\/div>\n\t\t<\/section>\n\t\t\t\t<section class=\"elementor-section elementor-top-section elementor-element elementor-element-cf2f736 elementor-section-boxed elementor-section-height-default elementor-section-height-default wpr-particle-no wpr-jarallax-no wpr-parallax-no wpr-sticky-section-no\" data-id=\"cf2f736\" data-element_type=\"section\" data-e-type=\"section\">\n\t\t\t\t\t\t<div class=\"elementor-container elementor-column-gap-default\">\n\t\t\t\t\t<div class=\"elementor-column elementor-col-33 elementor-top-column elementor-element elementor-element-46088f6\" data-id=\"46088f6\" data-element_type=\"column\" data-e-type=\"column\">\n\t\t\t<div class=\"elementor-widget-wrap elementor-element-populated\">\n\t\t\t\t\t\t<div class=\"elementor-element elementor-element-1b3fc12 elementor-widget elementor-widget-image\" data-id=\"1b3fc12\" data-element_type=\"widget\" data-e-type=\"widget\" data-widget_type=\"image.default\">\n\t\t\t\t<div class=\"elementor-widget-container\">\n\t\t\t\t\t\t\t\t\t\t\t\t\t\t\t\t<a href=\"http:\/\/enercorindus.com\/wp-content\/uploads\/2022\/08\/Flanged-Thermowell-removebg-preview.png\" data-elementor-open-lightbox=\"yes\" data-elementor-lightbox-title=\"Flanged-Thermowell-removebg-preview\" data-e-action-hash=\"#elementor-action%3Aaction%3Dlightbox%26settings%3DeyJpZCI6Mjg5MiwidXJsIjoiaHR0cHM6XC9cL2VuZXJjb3JpbmR1cy5jb21cL3dwLWNvbnRlbnRcL3VwbG9hZHNcLzIwMjJcLzA4XC9GbGFuZ2VkLVRoZXJtb3dlbGwtcmVtb3ZlYmctcHJldmlldy5wbmcifQ%3D%3D\">\n\t\t\t\t\t\t\t<img fetchpriority=\"high\" decoding=\"async\" width=\"500\" height=\"500\" src=\"https:\/\/enercorindus.com\/wp-content\/uploads\/2022\/08\/Flanged-Thermowell-removebg-preview.png\" class=\"elementor-animation-pulse attachment-large size-large wp-image-2892\" alt=\"\" srcset=\"https:\/\/enercorindus.com\/wp-content\/uploads\/2022\/08\/Flanged-Thermowell-removebg-preview.png 500w, https:\/\/enercorindus.com\/wp-content\/uploads\/2022\/08\/Flanged-Thermowell-removebg-preview-300x300.png 300w, https:\/\/enercorindus.com\/wp-content\/uploads\/2022\/08\/Flanged-Thermowell-removebg-preview-150x150.png 150w\" sizes=\"(max-width: 500px) 100vw, 500px\" \/>\t\t\t\t\t\t\t\t<\/a>\n\t\t\t\t\t\t\t\t\t\t\t\t\t\t\t<\/div>\n\t\t\t\t<\/div>\n\t\t\t\t<div class=\"elementor-element elementor-element-f6f3e55 elementor-widget elementor-widget-heading\" data-id=\"f6f3e55\" data-element_type=\"widget\" data-e-type=\"widget\" data-widget_type=\"heading.default\">\n\t\t\t\t<div class=\"elementor-widget-container\">\n\t\t\t\t\t<h2 class=\"elementor-heading-title elementor-size-default\">Thermowells\n<\/h2>\t\t\t\t<\/div>\n\t\t\t\t<\/div>\n\t\t\t\t<div class=\"elementor-element elementor-element-ff3a382 elementor-widget elementor-widget-text-editor\" data-id=\"ff3a382\" data-element_type=\"widget\" data-e-type=\"widget\" data-widget_type=\"text-editor.default\">\n\t\t\t\t<div class=\"elementor-widget-container\">\n\t\t\t\t\t\t\t\t\t<p><strong>Flanged Thermowell<\/strong><\/p>\t\t\t\t\t\t\t\t<\/div>\n\t\t\t\t<\/div>\n\t\t\t\t\t<\/div>\n\t\t<\/div>\n\t\t\t\t<div class=\"elementor-column elementor-col-33 elementor-top-column elementor-element elementor-element-f7e2dbf\" data-id=\"f7e2dbf\" data-element_type=\"column\" data-e-type=\"column\">\n\t\t\t<div class=\"elementor-widget-wrap\">\n\t\t\t\t\t\t\t<\/div>\n\t\t<\/div>\n\t\t\t\t<div class=\"elementor-column elementor-col-33 elementor-top-column elementor-element elementor-element-1959b62\" data-id=\"1959b62\" data-element_type=\"column\" data-e-type=\"column\">\n\t\t\t<div class=\"elementor-widget-wrap elementor-element-populated\">\n\t\t\t\t\t\t<div class=\"elementor-element elementor-element-e765c79 elementor-widget elementor-widget-text-editor\" data-id=\"e765c79\" data-element_type=\"widget\" data-e-type=\"widget\" data-widget_type=\"text-editor.default\">\n\t\t\t\t<div class=\"elementor-widget-container\">\n\t\t\t\t\t\t\t\t\t<p>A flanged thermowell is a type of temperature sensor used in industrial applications to measure the temperature of a process fluid or gas. It is designed to protect the temperature sensor from the harsh process environment while allowing for accurate and reliable temperature readings.<\/p><p>The thermowell is a hollow tube that is inserted into a process pipe or tank and secured using a flanged connection. The temperature sensor is then inserted into the thermowell and can be easily removed for maintenance or replacement without disrupting the process.<\/p><p>Flanged thermowells are typically made from a variety of materials, including stainless steel, carbon steel, and exotic alloys, depending on the specific process requirements. They are available in various lengths and diameters to accommodate different pipe sizes and process conditions.<\/p><p>One of the key advantages of flanged thermowells is their ability to protect the temperature sensor from corrosive or abrasive materials, high pressure or temperature, and other harsh process conditions. This helps to extend the lifespan of the temperature sensor and reduce maintenance costs.<\/p>\t\t\t\t\t\t\t\t<\/div>\n\t\t\t\t<\/div>\n\t\t\t\t\t<\/div>\n\t\t<\/div>\n\t\t\t\t\t<\/div>\n\t\t<\/section>\n\t\t\t\t<section class=\"elementor-section elementor-top-section elementor-element elementor-element-3333040 elementor-section-boxed elementor-section-height-default elementor-section-height-default wpr-particle-no wpr-jarallax-no wpr-parallax-no wpr-sticky-section-no\" data-id=\"3333040\" data-element_type=\"section\" data-e-type=\"section\">\n\t\t\t\t\t\t<div class=\"elementor-container elementor-column-gap-default\">\n\t\t\t\t\t<div class=\"elementor-column elementor-col-100 elementor-top-column elementor-element elementor-element-d239854\" data-id=\"d239854\" data-element_type=\"column\" data-e-type=\"column\">\n\t\t\t<div class=\"elementor-widget-wrap elementor-element-populated\">\n\t\t\t\t\t\t<div class=\"elementor-element elementor-element-b45cb0a elementor-widget elementor-widget-text-editor\" data-id=\"b45cb0a\" data-element_type=\"widget\" data-e-type=\"widget\" data-widget_type=\"text-editor.default\">\n\t\t\t\t<div class=\"elementor-widget-container\">\n\t\t\t\t\t\t\t\t\t<table width=\"1256\"><tbody><tr><td width=\"179\"><p><b>Size<\/b><\/p><\/td><td width=\"179\"><p><b>Pressure<br \/>Class<\/b><\/p><\/td><td width=\"179\"><p><b>T<\/b><\/p><\/td><td width=\"179\"><p><b>\u00d8 F2<\/b><\/p><\/td><td width=\"179\"><p><b>\u00d8 F3<\/b><\/p><\/td><td width=\"179\"><p><b>\u00d8<\/b><b> D1<\/b><\/p><\/td><td width=\"179\"><p><b>\u00d8 D<\/b><\/p><\/td><\/tr><tr><td rowspan=\"4\" width=\"179\"><p>1&#8243;<\/p><\/td><td width=\"179\"><p>150<\/p><\/td><td rowspan=\"4\" width=\"179\"><p>2 \u00bc&#8221; (57 mm)<\/p><p>3 \u00bc&#8221; (83 mm)<\/p><\/td><td rowspan=\"4\" width=\"179\"><p>22<\/p><\/td><td rowspan=\"4\" width=\"179\"><p>16<\/p><\/td><td rowspan=\"12\" width=\"179\"><p>6.6<br \/>or<br \/>8.5<\/p><\/td><td rowspan=\"12\" width=\"179\"><p>30<\/p><\/td><\/tr><tr><td width=\"179\"><p>300<\/p><\/td><\/tr><tr><td width=\"179\"><p>600<\/p><\/td><\/tr><tr><td width=\"179\"><p>1500<\/p><\/td><\/tr><tr><td rowspan=\"4\" width=\"179\"><p>1 \u00bd&#8221;<\/p><\/td><td width=\"179\"><p>150<\/p><\/td><td rowspan=\"4\" width=\"179\"><p>2 \u00bc&#8221; (57 mm)<\/p><p>3 \u00bc&#8221; (83 mm)<\/p><\/td><td rowspan=\"8\" width=\"179\"><p>25<\/p><\/td><td rowspan=\"8\" width=\"179\"><p>19<\/p><\/td><\/tr><tr><td width=\"179\"><p>300<\/p><\/td><\/tr><tr><td width=\"179\"><p>600<\/p><\/td><\/tr><tr><td width=\"179\"><p>1500<\/p><\/td><\/tr><tr><td rowspan=\"4\" width=\"179\"><p>2&#8243;<\/p><\/td><td width=\"179\"><p>150<\/p><\/td><td rowspan=\"4\" width=\"179\"><p>2 \u00bc&#8221; (57 mm)<\/p><p>3 \u00bc&#8221; (83 mm)<\/p><\/td><\/tr><tr><td width=\"179\"><p>300<\/p><\/td><\/tr><tr><td width=\"179\"><p>600<\/p><\/td><\/tr><tr><td width=\"179\"><p>1500<\/p><\/td><\/tr><\/tbody><\/table><p>\u00a0<\/p>\t\t\t\t\t\t\t\t<\/div>\n\t\t\t\t<\/div>\n\t\t\t\t\t<\/div>\n\t\t<\/div>\n\t\t\t\t\t<\/div>\n\t\t<\/section>\n\t\t\t\t<\/div>\n\t\t","protected":false},"excerpt":{"rendered":"<p>Flanged Thermowell Thermowells Flanged Thermowell A flanged thermowell is a type of temperature sensor used in industrial applications to measure the temperature of a process fluid or gas. It is designed to protect the temperature sensor from the harsh process environment while allowing for accurate and reliable temperature readings. The thermowell is a hollow tube that is inserted into a process pipe or tank and secured using a flanged connection. The temperature sensor is then inserted into the thermowell and can be easily removed for maintenance or replacement without disrupting the process. Flanged thermowells are typically made from a variety of materials, including stainless steel, carbon steel, and exotic alloys, depending on the specific process requirements. They are available in various lengths and diameters to accommodate different pipe sizes and process conditions. One of the key advantages of flanged thermowells is their ability to protect the temperature sensor from corrosive or abrasive materials, high pressure or temperature, and other harsh process conditions. This helps to extend the lifespan of the temperature sensor and reduce maintenance costs. Size PressureClass T \u00d8 F2 \u00d8 F3 \u00d8 D1 \u00d8 D 1&#8243; 150 2 \u00bc&#8221; (57 mm) 3 \u00bc&#8221; (83 mm) 22 16 6.6or8.5 30 300 600 1500 1 \u00bd&#8221; 150 2 \u00bc&#8221; (57 mm) 3 \u00bc&#8221; (83 mm) 25 19 300 600 1500 2&#8243; 150 2 \u00bc&#8221; (57 mm) 3 \u00bc&#8221; (83 mm) 300 600 1500 \u00a0<\/p>\n","protected":false},"author":1,"featured_media":0,"parent":0,"menu_order":0,"comment_status":"closed","ping_status":"closed","template":"","meta":{"site-sidebar-layout":"no-sidebar","site-content-layout":"page-builder","ast-site-content-layout":"default","site-content-style":"default","site-sidebar-style":"default","ast-global-header-display":"","ast-banner-title-visibility":"","ast-main-header-display":"","ast-hfb-above-header-display":"","ast-hfb-below-header-display":"","ast-hfb-mobile-header-display":"","site-post-title":"disabled","ast-breadcrumbs-content":"","ast-featured-img":"disabled","footer-sml-layout":"","ast-disable-related-posts":"","theme-transparent-header-meta":"","adv-header-id-meta":"","stick-header-meta":"","header-above-stick-meta":"","header-main-stick-meta":"","header-below-stick-meta":"","astra-migrate-meta-layouts":"default","ast-page-background-enabled":"default","ast-page-background-meta":{"desktop":{"background-color":"","background-image":"","background-repeat":"repeat","background-position":"center center","background-size":"auto","background-attachment":"scroll","background-type":"","background-media":"","overlay-type":"","overlay-color":"","overlay-opacity":"","overlay-gradient":""},"tablet":{"background-color":"","background-image":"","background-repeat":"repeat","background-position":"center center","background-size":"auto","background-attachment":"scroll","background-type":"","background-media":"","overlay-type":"","overlay-color":"","overlay-opacity":"","overlay-gradient":""},"mobile":{"background-color":"","background-image":"","background-repeat":"repeat","background-position":"center center","background-size":"auto","background-attachment":"scroll","background-type":"","background-media":"","overlay-type":"","overlay-color":"","overlay-opacity":"","overlay-gradient":""}},"ast-content-background-meta":{"desktop":{"background-color":"var(--ast-global-color-5)","background-image":"","background-repeat":"repeat","background-position":"center center","background-size":"auto","background-attachment":"scroll","background-type":"","background-media":"","overlay-type":"","overlay-color":"","overlay-opacity":"","overlay-gradient":""},"tablet":{"background-color":"var(--ast-global-color-5)","background-image":"","background-repeat":"repeat","background-position":"center center","background-size":"auto","background-attachment":"scroll","background-type":"","background-media":"","overlay-type":"","overlay-color":"","overlay-opacity":"","overlay-gradient":""},"mobile":{"background-color":"var(--ast-global-color-5)","background-image":"","background-repeat":"repeat","background-position":"center center","background-size":"auto","background-attachment":"scroll","background-type":"","background-media":"","overlay-type":"","overlay-color":"","overlay-opacity":"","overlay-gradient":""}},"footnotes":""},"class_list":["post-3186","page","type-page","status-publish","hentry"],"aioseo_notices":[],"_links":{"self":[{"href":"https:\/\/enercorindus.com\/index.php\/wp-json\/wp\/v2\/pages\/3186","targetHints":{"allow":["GET"]}}],"collection":[{"href":"https:\/\/enercorindus.com\/index.php\/wp-json\/wp\/v2\/pages"}],"about":[{"href":"https:\/\/enercorindus.com\/index.php\/wp-json\/wp\/v2\/types\/page"}],"author":[{"embeddable":true,"href":"https:\/\/enercorindus.com\/index.php\/wp-json\/wp\/v2\/users\/1"}],"replies":[{"embeddable":true,"href":"https:\/\/enercorindus.com\/index.php\/wp-json\/wp\/v2\/comments?post=3186"}],"version-history":[{"count":25,"href":"https:\/\/enercorindus.com\/index.php\/wp-json\/wp\/v2\/pages\/3186\/revisions"}],"predecessor-version":[{"id":4173,"href":"https:\/\/enercorindus.com\/index.php\/wp-json\/wp\/v2\/pages\/3186\/revisions\/4173"}],"wp:attachment":[{"href":"https:\/\/enercorindus.com\/index.php\/wp-json\/wp\/v2\/media?parent=3186"}],"curies":[{"name":"wp","href":"https:\/\/api.w.org\/{rel}","templated":true}]}}