{"id":3212,"date":"2022-08-11T08:15:55","date_gmt":"2022-08-11T08:15:55","guid":{"rendered":"http:\/\/enercorindus.com\/?page_id=3212"},"modified":"2023-04-25T09:24:20","modified_gmt":"2023-04-25T09:24:20","slug":"threaded-thermowell","status":"publish","type":"page","link":"https:\/\/enercorindus.com\/index.php\/threaded-thermowell\/","title":{"rendered":"Threaded Thermowell"},"content":{"rendered":"\t\t<div data-elementor-type=\"wp-page\" data-elementor-id=\"3212\" class=\"elementor elementor-3212\">\n\t\t\t\t\t\t<section class=\"elementor-section elementor-top-section elementor-element elementor-element-5bd0689 elementor-section-boxed elementor-section-height-default elementor-section-height-default wpr-particle-no wpr-jarallax-no wpr-parallax-no wpr-sticky-section-no\" data-id=\"5bd0689\" data-element_type=\"section\" data-e-type=\"section\" data-settings=\"{&quot;background_background&quot;:&quot;classic&quot;}\">\n\t\t\t\t\t\t\t<div class=\"elementor-background-overlay\"><\/div>\n\t\t\t\t\t\t\t<div class=\"elementor-container elementor-column-gap-default\">\n\t\t\t\t\t<div class=\"elementor-column elementor-col-100 elementor-top-column elementor-element elementor-element-72e619e\" data-id=\"72e619e\" data-element_type=\"column\" data-e-type=\"column\">\n\t\t\t<div class=\"elementor-widget-wrap elementor-element-populated\">\n\t\t\t\t\t\t<div class=\"elementor-element elementor-element-5fc252e elementor-widget elementor-widget-heading\" data-id=\"5fc252e\" data-element_type=\"widget\" data-e-type=\"widget\" data-widget_type=\"heading.default\">\n\t\t\t\t<div class=\"elementor-widget-container\">\n\t\t\t\t\t<h2 class=\"elementor-heading-title elementor-size-default\">Threaded thermowell<\/h2>\t\t\t\t<\/div>\n\t\t\t\t<\/div>\n\t\t\t\t\t<\/div>\n\t\t<\/div>\n\t\t\t\t\t<\/div>\n\t\t<\/section>\n\t\t\t\t<section class=\"elementor-section elementor-top-section elementor-element elementor-element-ae3fa33 elementor-section-boxed elementor-section-height-default elementor-section-height-default wpr-particle-no wpr-jarallax-no wpr-parallax-no wpr-sticky-section-no\" data-id=\"ae3fa33\" data-element_type=\"section\" data-e-type=\"section\">\n\t\t\t\t\t\t<div class=\"elementor-container elementor-column-gap-default\">\n\t\t\t\t\t<div class=\"elementor-column elementor-col-33 elementor-top-column elementor-element elementor-element-6dd0335\" data-id=\"6dd0335\" data-element_type=\"column\" data-e-type=\"column\">\n\t\t\t<div class=\"elementor-widget-wrap elementor-element-populated\">\n\t\t\t\t\t\t<div class=\"elementor-element elementor-element-9f4c4cb elementor-widget elementor-widget-image\" data-id=\"9f4c4cb\" data-element_type=\"widget\" data-e-type=\"widget\" data-widget_type=\"image.default\">\n\t\t\t\t<div class=\"elementor-widget-container\">\n\t\t\t\t\t\t\t\t\t\t\t\t\t\t\t\t<a href=\"http:\/\/enercorindus.com\/wp-content\/uploads\/2022\/08\/32816736224-kfhtb1fdigrfxxxxxqapxxq6xxfxxxc-removebg-preview.png\" data-elementor-open-lightbox=\"yes\" data-elementor-lightbox-title=\"32816736224-kfhtb1fdigrfxxxxxqapxxq6xxfxxxc-removebg-preview\" data-e-action-hash=\"#elementor-action%3Aaction%3Dlightbox%26settings%3DeyJpZCI6MzIxOCwidXJsIjoiaHR0cHM6XC9cL2VuZXJjb3JpbmR1cy5jb21cL3dwLWNvbnRlbnRcL3VwbG9hZHNcLzIwMjJcLzA4XC8zMjgxNjczNjIyNC1rZmh0YjFmZGlncmZ4eHh4eHFhcHh4cTZ4eGZ4eHhjLXJlbW92ZWJnLXByZXZpZXcucG5nIn0%3D\">\n\t\t\t\t\t\t\t<img fetchpriority=\"high\" decoding=\"async\" width=\"500\" height=\"500\" src=\"https:\/\/enercorindus.com\/wp-content\/uploads\/2022\/08\/32816736224-kfhtb1fdigrfxxxxxqapxxq6xxfxxxc-removebg-preview.png\" class=\"elementor-animation-pulse attachment-large size-large wp-image-3218\" alt=\"\" srcset=\"https:\/\/enercorindus.com\/wp-content\/uploads\/2022\/08\/32816736224-kfhtb1fdigrfxxxxxqapxxq6xxfxxxc-removebg-preview.png 500w, https:\/\/enercorindus.com\/wp-content\/uploads\/2022\/08\/32816736224-kfhtb1fdigrfxxxxxqapxxq6xxfxxxc-removebg-preview-300x300.png 300w, https:\/\/enercorindus.com\/wp-content\/uploads\/2022\/08\/32816736224-kfhtb1fdigrfxxxxxqapxxq6xxfxxxc-removebg-preview-150x150.png 150w\" sizes=\"(max-width: 500px) 100vw, 500px\" \/>\t\t\t\t\t\t\t\t<\/a>\n\t\t\t\t\t\t\t\t\t\t\t\t\t\t\t<\/div>\n\t\t\t\t<\/div>\n\t\t\t\t<div class=\"elementor-element elementor-element-e643b62 elementor-widget elementor-widget-heading\" data-id=\"e643b62\" data-element_type=\"widget\" data-e-type=\"widget\" data-widget_type=\"heading.default\">\n\t\t\t\t<div class=\"elementor-widget-container\">\n\t\t\t\t\t<h2 class=\"elementor-heading-title elementor-size-default\">Thermowell\n<\/h2>\t\t\t\t<\/div>\n\t\t\t\t<\/div>\n\t\t\t\t<div class=\"elementor-element elementor-element-100af6d elementor-widget elementor-widget-text-editor\" data-id=\"100af6d\" data-element_type=\"widget\" data-e-type=\"widget\" data-widget_type=\"text-editor.default\">\n\t\t\t\t<div class=\"elementor-widget-container\">\n\t\t\t\t\t\t\t\t\t<p><b>Threaded Thermowell<\/b><\/p>\t\t\t\t\t\t\t\t<\/div>\n\t\t\t\t<\/div>\n\t\t\t\t\t<\/div>\n\t\t<\/div>\n\t\t\t\t<div class=\"elementor-column elementor-col-33 elementor-top-column elementor-element elementor-element-38a6939\" data-id=\"38a6939\" data-element_type=\"column\" data-e-type=\"column\">\n\t\t\t<div class=\"elementor-widget-wrap\">\n\t\t\t\t\t\t\t<\/div>\n\t\t<\/div>\n\t\t\t\t<div class=\"elementor-column elementor-col-33 elementor-top-column elementor-element elementor-element-3f2a3e2\" data-id=\"3f2a3e2\" data-element_type=\"column\" data-e-type=\"column\">\n\t\t\t<div class=\"elementor-widget-wrap elementor-element-populated\">\n\t\t\t\t\t\t<div class=\"elementor-element elementor-element-892e995 elementor-widget elementor-widget-text-editor\" data-id=\"892e995\" data-element_type=\"widget\" data-e-type=\"widget\" data-widget_type=\"text-editor.default\">\n\t\t\t\t<div class=\"elementor-widget-container\">\n\t\t\t\t\t\t\t\t\t<p>A threaded thermowell is a type of temperature sensor used in industrial applications to measure the temperature of a process fluid or gas. It is designed to protect the temperature sensor from the harsh process environment while allowing for accurate and reliable temperature readings.<\/p><p>The thermowell is a hollow tube that is inserted into a process pipe or tank and secured using a threaded connection. The temperature sensor is then inserted into the thermowell and can be easily removed for maintenance or replacement without disrupting the process.<\/p><p>Threaded thermowells are typically made from a variety of materials, including stainless steel, carbon steel, and exotic alloys, depending on the specific process requirements. They are available in various lengths and diameters to accommodate different pipe sizes and process conditions.<\/p><p>One of the key advantages of threaded thermowells is their ability to protect the temperature sensor from corrosive or abrasive materials, high pressure or temperature, and other harsh process conditions. This helps to extend the lifespan of the temperature sensor and reduce maintenance costs.<\/p>\t\t\t\t\t\t\t\t<\/div>\n\t\t\t\t<\/div>\n\t\t\t\t\t<\/div>\n\t\t<\/div>\n\t\t\t\t\t<\/div>\n\t\t<\/section>\n\t\t\t\t<section class=\"elementor-section elementor-top-section elementor-element elementor-element-a31f23e elementor-section-boxed elementor-section-height-default elementor-section-height-default wpr-particle-no wpr-jarallax-no wpr-parallax-no wpr-sticky-section-no\" data-id=\"a31f23e\" data-element_type=\"section\" data-e-type=\"section\">\n\t\t\t\t\t\t<div class=\"elementor-container elementor-column-gap-default\">\n\t\t\t\t\t<div class=\"elementor-column elementor-col-100 elementor-top-column elementor-element elementor-element-b316014\" data-id=\"b316014\" data-element_type=\"column\" data-e-type=\"column\">\n\t\t\t<div class=\"elementor-widget-wrap elementor-element-populated\">\n\t\t\t\t\t\t<div class=\"elementor-element elementor-element-29fdae7 elementor-widget elementor-widget-text-editor\" data-id=\"29fdae7\" data-element_type=\"widget\" data-e-type=\"widget\" data-widget_type=\"text-editor.default\">\n\t\t\t\t<div class=\"elementor-widget-container\">\n\t\t\t\t\t\t\t\t\t<p>With the help of a variable orifice, these gauge snubbers protect pressure gauges by reducing fluctuations.<\/p><p>Standard Specification:<\/p><p>Material : 316SS \/ 316L SS \/ 304SS or any Special material<\/p>\t\t\t\t\t\t\t\t<\/div>\n\t\t\t\t<\/div>\n\t\t\t\t\t<\/div>\n\t\t<\/div>\n\t\t\t\t\t<\/div>\n\t\t<\/section>\n\t\t\t\t<section class=\"elementor-section elementor-top-section elementor-element elementor-element-c43ebdc elementor-section-boxed elementor-section-height-default elementor-section-height-default wpr-particle-no wpr-jarallax-no wpr-parallax-no wpr-sticky-section-no\" data-id=\"c43ebdc\" data-element_type=\"section\" data-e-type=\"section\">\n\t\t\t\t\t\t<div class=\"elementor-container elementor-column-gap-default\">\n\t\t\t\t\t<div class=\"elementor-column elementor-col-100 elementor-top-column elementor-element elementor-element-304f3d8\" data-id=\"304f3d8\" data-element_type=\"column\" data-e-type=\"column\">\n\t\t\t<div class=\"elementor-widget-wrap elementor-element-populated\">\n\t\t\t\t\t\t<div class=\"elementor-element elementor-element-13bd15c elementor-widget elementor-widget-text-editor\" data-id=\"13bd15c\" data-element_type=\"widget\" data-e-type=\"widget\" data-widget_type=\"text-editor.default\">\n\t\t\t\t<div class=\"elementor-widget-container\">\n\t\t\t\t\t\t\t\t\t<table width=\"1161\"><tbody><tr><td width=\"145\"><p><b>E<\/b><\/p><\/td><td width=\"145\"><p><b>N<\/b><\/p><\/td><td width=\"145\"><p><b>\u00d8 D 1<\/b><\/p><\/td><td width=\"145\"><p><b>\u00d8 F 2<\/b><\/p><\/td><td width=\"145\"><p><b>\u00d8<\/b><b> F 3<\/b><\/p><\/td><td width=\"145\"><p><b>HI<\/b><\/p><\/td><td width=\"145\"><p><b>T<\/b><\/p><\/td><td width=\"145\"><p><b>SW<\/b><\/p><\/td><\/tr><tr><td rowspan=\"2\" width=\"145\"><p>1\/2&#8243; NPT<\/p><\/td><td rowspan=\"6\" width=\"145\"><p>1\/2&#8243; NPT<\/p><\/td><td width=\"145\"><p>6.6<\/p><\/td><td rowspan=\"2\" width=\"145\"><p>16<\/p><\/td><td rowspan=\"2\" width=\"145\"><p>13<\/p><\/td><td rowspan=\"6\" width=\"145\"><p>19<\/p><\/td><td rowspan=\"6\" width=\"145\"><p>1 \u00be&#8221;<br \/>OR<br \/>50 MM<\/p><\/td><td rowspan=\"3\" width=\"145\"><p>27<\/p><\/td><\/tr><tr><td width=\"145\"><p>8.5<\/p><\/td><\/tr><tr><td rowspan=\"2\" width=\"145\"><p>3\/4&#8243; NPT<\/p><\/td><td width=\"145\"><p>6.6<\/p><\/td><td rowspan=\"2\" width=\"145\"><p>22<\/p><\/td><td rowspan=\"2\" width=\"145\"><p>16<\/p><\/td><\/tr><tr><td width=\"145\"><p>8.5<\/p><\/td><td rowspan=\"3\" width=\"145\"><p>36<\/p><\/td><\/tr><tr><td rowspan=\"2\" width=\"145\"><p>1&#8243; NPT<\/p><\/td><td width=\"145\"><p>6.6<\/p><\/td><td rowspan=\"2\" width=\"145\"><p>27<\/p><\/td><td rowspan=\"2\" width=\"145\"><p>19<\/p><\/td><\/tr><tr><td width=\"145\"><p>8.5<\/p><\/td><\/tr><\/tbody><\/table><p>\u00a0<\/p>\t\t\t\t\t\t\t\t<\/div>\n\t\t\t\t<\/div>\n\t\t\t\t\t<\/div>\n\t\t<\/div>\n\t\t\t\t\t<\/div>\n\t\t<\/section>\n\t\t\t\t<\/div>\n\t\t","protected":false},"excerpt":{"rendered":"<p>Threaded thermowell Thermowell Threaded Thermowell A threaded thermowell is a type of temperature sensor used in industrial applications to measure the temperature of a process fluid or gas. It is designed to protect the temperature sensor from the harsh process environment while allowing for accurate and reliable temperature readings. The thermowell is a hollow tube that is inserted into a process pipe or tank and secured using a threaded connection. The temperature sensor is then inserted into the thermowell and can be easily removed for maintenance or replacement without disrupting the process. Threaded thermowells are typically made from a variety of materials, including stainless steel, carbon steel, and exotic alloys, depending on the specific process requirements. They are available in various lengths and diameters to accommodate different pipe sizes and process conditions. One of the key advantages of threaded thermowells is their ability to protect the temperature sensor from corrosive or abrasive materials, high pressure or temperature, and other harsh process conditions. This helps to extend the lifespan of the temperature sensor and reduce maintenance costs. With the help of a variable orifice, these gauge snubbers protect pressure gauges by reducing fluctuations. Standard Specification: Material : 316SS \/ 316L SS \/ 304SS or any Special material E N \u00d8 D 1 \u00d8 F 2 \u00d8 F 3 HI T SW 1\/2&#8243; NPT 1\/2&#8243; NPT 6.6 16 13 19 1 \u00be&#8221;OR50 MM 27 8.5 3\/4&#8243; NPT 6.6 22 16 8.5 36 1&#8243; NPT 6.6 27 19 8.5 \u00a0<\/p>\n","protected":false},"author":1,"featured_media":0,"parent":0,"menu_order":0,"comment_status":"closed","ping_status":"closed","template":"","meta":{"site-sidebar-layout":"no-sidebar","site-content-layout":"page-builder","ast-site-content-layout":"default","site-content-style":"default","site-sidebar-style":"default","ast-global-header-display":"","ast-banner-title-visibility":"","ast-main-header-display":"","ast-hfb-above-header-display":"","ast-hfb-below-header-display":"","ast-hfb-mobile-header-display":"","site-post-title":"disabled","ast-breadcrumbs-content":"","ast-featured-img":"disabled","footer-sml-layout":"","ast-disable-related-posts":"","theme-transparent-header-meta":"","adv-header-id-meta":"","stick-header-meta":"","header-above-stick-meta":"","header-main-stick-meta":"","header-below-stick-meta":"","astra-migrate-meta-layouts":"default","ast-page-background-enabled":"default","ast-page-background-meta":{"desktop":{"background-color":"","background-image":"","background-repeat":"repeat","background-position":"center center","background-size":"auto","background-attachment":"scroll","background-type":"","background-media":"","overlay-type":"","overlay-color":"","overlay-opacity":"","overlay-gradient":""},"tablet":{"background-color":"","background-image":"","background-repeat":"repeat","background-position":"center center","background-size":"auto","background-attachment":"scroll","background-type":"","background-media":"","overlay-type":"","overlay-color":"","overlay-opacity":"","overlay-gradient":""},"mobile":{"background-color":"","background-image":"","background-repeat":"repeat","background-position":"center center","background-size":"auto","background-attachment":"scroll","background-type":"","background-media":"","overlay-type":"","overlay-color":"","overlay-opacity":"","overlay-gradient":""}},"ast-content-background-meta":{"desktop":{"background-color":"var(--ast-global-color-5)","background-image":"","background-repeat":"repeat","background-position":"center center","background-size":"auto","background-attachment":"scroll","background-type":"","background-media":"","overlay-type":"","overlay-color":"","overlay-opacity":"","overlay-gradient":""},"tablet":{"background-color":"var(--ast-global-color-5)","background-image":"","background-repeat":"repeat","background-position":"center center","background-size":"auto","background-attachment":"scroll","background-type":"","background-media":"","overlay-type":"","overlay-color":"","overlay-opacity":"","overlay-gradient":""},"mobile":{"background-color":"var(--ast-global-color-5)","background-image":"","background-repeat":"repeat","background-position":"center center","background-size":"auto","background-attachment":"scroll","background-type":"","background-media":"","overlay-type":"","overlay-color":"","overlay-opacity":"","overlay-gradient":""}},"footnotes":""},"class_list":["post-3212","page","type-page","status-publish","hentry"],"aioseo_notices":[],"_links":{"self":[{"href":"https:\/\/enercorindus.com\/index.php\/wp-json\/wp\/v2\/pages\/3212","targetHints":{"allow":["GET"]}}],"collection":[{"href":"https:\/\/enercorindus.com\/index.php\/wp-json\/wp\/v2\/pages"}],"about":[{"href":"https:\/\/enercorindus.com\/index.php\/wp-json\/wp\/v2\/types\/page"}],"author":[{"embeddable":true,"href":"https:\/\/enercorindus.com\/index.php\/wp-json\/wp\/v2\/users\/1"}],"replies":[{"embeddable":true,"href":"https:\/\/enercorindus.com\/index.php\/wp-json\/wp\/v2\/comments?post=3212"}],"version-history":[{"count":31,"href":"https:\/\/enercorindus.com\/index.php\/wp-json\/wp\/v2\/pages\/3212\/revisions"}],"predecessor-version":[{"id":4170,"href":"https:\/\/enercorindus.com\/index.php\/wp-json\/wp\/v2\/pages\/3212\/revisions\/4170"}],"wp:attachment":[{"href":"https:\/\/enercorindus.com\/index.php\/wp-json\/wp\/v2\/media?parent=3212"}],"curies":[{"name":"wp","href":"https:\/\/api.w.org\/{rel}","templated":true}]}}